{"id":20,"date":"2024-02-11T10:53:40","date_gmt":"2024-02-11T09:53:40","guid":{"rendered":"http:\/\/dkjg.net\/?page_id=20"},"modified":"2025-04-06T13:12:24","modified_gmt":"2025-04-06T11:12:24","slug":"mitgliedschaft","status":"publish","type":"page","link":"https:\/\/dkjg.net\/en\/mitgliedschaft\/","title":{"rendered":"Mitgliedschaft"},"content":{"rendered":"\n<p>Die DKJG bietet ihren Mitgliedern die M\u00f6glichkeit, vielf\u00e4ltige Kontakte zu anderen deutsch- oder koreanischst\u00e4mmigen Juristen aufzubauen und zu pflegen. Dazu dient nicht nur unsere Jahrestagung, sondern auch die regelm\u00e4\u00dfigen Regionalstammtische, die in verschiedenen deutschen Gro\u00dfst\u00e4dten stattfinden.<\/p>\n\n\n\n<p>Download des Mitgliedschaftsantrags: <a href=\"http:\/\/dkjg.net\/wp-content\/uploads\/2024\/10\/Aufnahmeantrag-2024-DKJG.pdf\">Mitglieschaftsantrag<\/a><\/p>\n","protected":false},"excerpt":{"rendered":"<p>Die DKJG bietet ihren Mitgliedern die M\u00f6glichkeit, vielf\u00e4ltige Kontakte zu anderen deutsch- oder koreanischst\u00e4mmigen Juristen aufzubauen und zu pflegen. Dazu dient nicht [&hellip;]<\/p>\n","protected":false},"author":2,"featured_media":0,"parent":0,"menu_order":0,"comment_status":"closed","ping_status":"closed","template":"","meta":{"ngg_post_thumbnail":0,"footnotes":""},"class_list":["post-20","page","type-page","status-publish","hentry"],"translation":{"provider":"WPGlobus","version":"3.0.0","language":"en","enabled_languages":["de","en","ko"],"languages":{"de":{"title":true,"content":true,"excerpt":false},"en":{"title":false,"content":false,"excerpt":false},"ko":{"title":true,"content":true,"excerpt":false}}},"_links":{"self":[{"href":"https:\/\/dkjg.net\/en\/wp-json\/wp\/v2\/pages\/20","targetHints":{"allow":["GET"]}}],"collection":[{"href":"https:\/\/dkjg.net\/en\/wp-json\/wp\/v2\/pages"}],"about":[{"href":"https:\/\/dkjg.net\/en\/wp-json\/wp\/v2\/types\/page"}],"author":[{"embeddable":true,"href":"https:\/\/dkjg.net\/en\/wp-json\/wp\/v2\/users\/2"}],"replies":[{"embeddable":true,"href":"https:\/\/dkjg.net\/en\/wp-json\/wp\/v2\/comments?post=20"}],"version-history":[{"count":9,"href":"https:\/\/dkjg.net\/en\/wp-json\/wp\/v2\/pages\/20\/revisions"}],"predecessor-version":[{"id":254,"href":"https:\/\/dkjg.net\/en\/wp-json\/wp\/v2\/pages\/20\/revisions\/254"}],"wp:attachment":[{"href":"https:\/\/dkjg.net\/en\/wp-json\/wp\/v2\/media?parent=20"}],"curies":[{"name":"wp","href":"https:\/\/api.w.org\/{rel}","templated":true}]}}