{"id":22,"date":"2024-02-11T10:54:13","date_gmt":"2024-02-11T09:54:13","guid":{"rendered":"http:\/\/dkjg.net\/?page_id=22"},"modified":"2025-04-06T00:15:22","modified_gmt":"2025-04-05T22:15:22","slug":"vorstand","status":"publish","type":"page","link":"https:\/\/dkjg.net\/en\/vorstand\/","title":{"rendered":"Vorstand"},"content":{"rendered":"\n<figure class=\"wp-block-image size-full\" id=\"attachment_91\"><img loading=\"lazy\" decoding=\"async\" width=\"1685\" height=\"948\" src=\"http:\/\/dkjg.net\/wp-content\/uploads\/2025\/03\/IMG_1826-scaled-2-edited-1.jpg\" alt=\"\" class=\"wp-image-161\" srcset=\"https:\/\/dkjg.net\/wp-content\/uploads\/2025\/03\/IMG_1826-scaled-2-edited-1.jpg 1685w, https:\/\/dkjg.net\/wp-content\/uploads\/2025\/03\/IMG_1826-scaled-2-edited-1-300x169.jpg 300w, https:\/\/dkjg.net\/wp-content\/uploads\/2025\/03\/IMG_1826-scaled-2-edited-1-1024x576.jpg 1024w, https:\/\/dkjg.net\/wp-content\/uploads\/2025\/03\/IMG_1826-scaled-2-edited-1-768x432.jpg 768w, https:\/\/dkjg.net\/wp-content\/uploads\/2025\/03\/IMG_1826-scaled-2-edited-1-1536x864.jpg 1536w, https:\/\/dkjg.net\/wp-content\/uploads\/2025\/03\/IMG_1826-scaled-2-edited-1-1000x563.jpg 1000w, https:\/\/dkjg.net\/wp-content\/uploads\/2025\/03\/IMG_1826-scaled-2-edited-1-230x129.jpg 230w, https:\/\/dkjg.net\/wp-content\/uploads\/2025\/03\/IMG_1826-scaled-2-edited-1-350x197.jpg 350w, https:\/\/dkjg.net\/wp-content\/uploads\/2025\/03\/IMG_1826-scaled-2-edited-1-480x270.jpg 480w\" sizes=\"auto, (max-width: 1685px) 100vw, 1685px\" \/><figcaption class=\"wp-element-caption\">(Von links nach recht: Vizepr\u00e4sident Christoph Kohn, Generalsekret\u00e4r Stephan Dittrich, Vizepr\u00e4sidentin Eun-Young Cho, Pr\u00e4sident Moritz Winkler,  Schatzmeisterin Julia Yoon, Vizepr\u00e4sident Prof. Dr. iur. Horst Hammen<\/figcaption><\/figure>\n\n\n\n<p><strong>Pr\u00e4sident<\/strong><br>Rechtsanwalt Moritz Winkler<br>winkler(at)dkjg.net<\/p>\n\n\n\n<p class=\"is-style-default\"><strong>Vizepr\u00e4sidentin<\/strong><br>Rechtsanw\u00e4ltin Eun-Young Cho<br>cho(at)dkjg.net<\/p>\n\n\n\n<p><strong><strong>Vizepr\u00e4sident<\/strong><\/strong><br>Prof. Dr. iur. Horst Hammen<br>hammen(at)dkjg.net<\/p>\n\n\n\n<p><strong><strong>Vizepr\u00e4sident<\/strong><\/strong><br>Rechtsanwalt Christoph Kohn<br>kohn(at)dkjg.net<\/p>\n\n\n\n<p><strong>Schatzmeisterin<\/strong><br>Rechtsanw\u00e4ltin Julia Yoon<br>yoon(at)dkjg.net<\/p>\n\n\n\n<p><strong>Generalsekret\u00e4r<\/strong><br>Rechtsanwalt Stephan Dittrich<br>dittrich(at)dkjg.net<\/p>\n\n\n\n<p>Den Vorstand erreichen Sie unter vorstand(at)dkjg.net.<\/p>\n\n\n\n<p><\/p>\n","protected":false},"excerpt":{"rendered":"<p>Pr\u00e4sidentRechtsanwalt Moritz Winklerwinkler(at)dkjg.net Vizepr\u00e4sidentinRechtsanw\u00e4ltin Eun-Young Chocho(at)dkjg.net Vizepr\u00e4sidentProf. Dr. iur. Horst Hammenhammen(at)dkjg.net Vizepr\u00e4sidentRechtsanwalt Christoph Kohnkohn(at)dkjg.net SchatzmeisterinRechtsanw\u00e4ltin Julia Yoonyoon(at)dkjg.net Generalsekret\u00e4rRechtsanwalt Stephan Dittrichdittrich(at)dkjg.net Den Vorstand [&hellip;]<\/p>\n","protected":false},"author":2,"featured_media":0,"parent":0,"menu_order":0,"comment_status":"closed","ping_status":"closed","template":"","meta":{"ngg_post_thumbnail":0,"footnotes":""},"class_list":["post-22","page","type-page","status-publish","hentry"],"translation":{"provider":"WPGlobus","version":"3.0.0","language":"en","enabled_languages":["de","en","ko"],"languages":{"de":{"title":true,"content":true,"excerpt":false},"en":{"title":false,"content":false,"excerpt":false},"ko":{"title":true,"content":true,"excerpt":false}}},"_links":{"self":[{"href":"https:\/\/dkjg.net\/en\/wp-json\/wp\/v2\/pages\/22","targetHints":{"allow":["GET"]}}],"collection":[{"href":"https:\/\/dkjg.net\/en\/wp-json\/wp\/v2\/pages"}],"about":[{"href":"https:\/\/dkjg.net\/en\/wp-json\/wp\/v2\/types\/page"}],"author":[{"embeddable":true,"href":"https:\/\/dkjg.net\/en\/wp-json\/wp\/v2\/users\/2"}],"replies":[{"embeddable":true,"href":"https:\/\/dkjg.net\/en\/wp-json\/wp\/v2\/comments?post=22"}],"version-history":[{"count":16,"href":"https:\/\/dkjg.net\/en\/wp-json\/wp\/v2\/pages\/22\/revisions"}],"predecessor-version":[{"id":252,"href":"https:\/\/dkjg.net\/en\/wp-json\/wp\/v2\/pages\/22\/revisions\/252"}],"wp:attachment":[{"href":"https:\/\/dkjg.net\/en\/wp-json\/wp\/v2\/media?parent=22"}],"curies":[{"name":"wp","href":"https:\/\/api.w.org\/{rel}","templated":true}]}}