{"id":18,"date":"2024-02-11T10:53:14","date_gmt":"2024-02-11T09:53:14","guid":{"rendered":"http:\/\/dkjg.net\/?page_id=18"},"modified":"2025-03-31T19:49:50","modified_gmt":"2025-03-31T17:49:50","slug":"impressum-2","status":"publish","type":"page","link":"https:\/\/dkjg.net\/ko\/impressum-2\/","title":{"rendered":"\ubc1c\ud589\ub0b4\uc5ed"},"content":{"rendered":"\n<p>Deutsch-Koreanische Juristische Gesellschaft e.V. <br>c\/o Rechtsanwaltskanzlei Yoon <br>Albestra\u00dfe 21 <br>12159 Berlin <br>E-Mail: info(at)dkjg.net <br>Internet: www.dkjg.net<\/p>\n\n\n\n<h3 class=\"wp-block-heading\">Vertretungsberechtigte Vorstandsmitglieder:<\/h3>\n\n\n\n<p>Moritz Winkler (Pr\u00e4sident)<br>Eun-Young Cho (Vizepr\u00e4sidentin)<br>Prof. Dr. Horst Hammen (Vizepr\u00e4sident)<br>Christoph Kohn (Vizepr\u00e4sident)<\/p>\n\n\n\n<p>Registergericht: Amtsgericht Mannheim<br>Vereinsregisternummer: VR 101701<\/p>\n\n\n\n<h3 class=\"wp-block-heading\">Urheberrecht<\/h3>\n\n\n\n<p>Alle Texte, Bilder, graphische Animationen, Videos, Musik, T\u00f6ne und anderes Material auf diesen Seiten sind urheberrechtlich gesch\u00fctzt von der Deutsch-Koreanischen Juristischen Gesellschaft e.V. oder deren Mitgliedern, die die Urheberrechte an der Auswahl, Koordination und Pr\u00e4sentation des Materials auf diesen Seiten halten. Weder ist es gestattet, dieses Material zu gewerblichen Zwecken zu kopieren noch es zu modifizieren oder auf andere Seiten umzuleiten. Eine Vervielf\u00e4ltigung der Seiten oder ihrer Inhalte bedarf der vorherigen schriftlichen Zustimmung der Deutsch-Koreanischen Juristischen Gesellschaft e.V. soweit die Vervielf\u00e4ltigung nicht ohnehin gesetzlich gestattet ist.&nbsp;<\/p>\n\n\n\n<h3 class=\"wp-block-heading\">Haftungshinweis:<\/h3>\n\n\n\n<p>Trotz sorgf\u00e4ltiger inhaltlicher Kontrolle \u00fcbernehmen wir keine Haftung f\u00fcr die Inhalte externer Links. F\u00fcr den Inhalt der verlinkten Seiten sind ausschlie\u00dflich deren Betreiber verantwortlich.<\/p>\n","protected":false},"excerpt":{"rendered":"<p>Deutsch-Koreanische Juristische Gesellschaft e.V. c\/o Rechtsanwaltskanzlei Yoon Albestra\u00dfe 21 12159 Berlin E-Mail: info(at)dkjg.net Internet: www.dkjg.net Vertretungsberechtigte Vorstandsmitglieder: Moritz Winkler (Pr\u00e4sident)Eun-Young Cho (Vizepr\u00e4sidentin)Prof. [&hellip;]<\/p>\n","protected":false},"author":2,"featured_media":0,"parent":0,"menu_order":0,"comment_status":"closed","ping_status":"closed","template":"","meta":{"ngg_post_thumbnail":0,"footnotes":""},"class_list":["post-18","page","type-page","status-publish","hentry"],"translation":{"provider":"WPGlobus","version":"3.0.0","language":"ko","enabled_languages":["de","en","ko"],"languages":{"de":{"title":true,"content":true,"excerpt":false},"en":{"title":false,"content":false,"excerpt":false},"ko":{"title":true,"content":false,"excerpt":false}}},"_links":{"self":[{"href":"https:\/\/dkjg.net\/ko\/wp-json\/wp\/v2\/pages\/18","targetHints":{"allow":["GET"]}}],"collection":[{"href":"https:\/\/dkjg.net\/ko\/wp-json\/wp\/v2\/pages"}],"about":[{"href":"https:\/\/dkjg.net\/ko\/wp-json\/wp\/v2\/types\/page"}],"author":[{"embeddable":true,"href":"https:\/\/dkjg.net\/ko\/wp-json\/wp\/v2\/users\/2"}],"replies":[{"embeddable":true,"href":"https:\/\/dkjg.net\/ko\/wp-json\/wp\/v2\/comments?post=18"}],"version-history":[{"count":6,"href":"https:\/\/dkjg.net\/ko\/wp-json\/wp\/v2\/pages\/18\/revisions"}],"predecessor-version":[{"id":191,"href":"https:\/\/dkjg.net\/ko\/wp-json\/wp\/v2\/pages\/18\/revisions\/191"}],"wp:attachment":[{"href":"https:\/\/dkjg.net\/ko\/wp-json\/wp\/v2\/media?parent=18"}],"curies":[{"name":"wp","href":"https:\/\/api.w.org\/{rel}","templated":true}]}}