{"id":26,"date":"2024-02-11T16:03:37","date_gmt":"2024-02-11T15:03:37","guid":{"rendered":"http:\/\/dkjg.net\/?page_id=26"},"modified":"2024-02-11T17:14:11","modified_gmt":"2024-02-11T16:14:11","slug":"tagung-2013","status":"publish","type":"page","link":"https:\/\/dkjg.net\/ko\/tagung-2013\/","title":{"rendered":"Tagung 2013"},"content":{"rendered":"\n<p>Bericht \u00fcber die diesj\u00e4hrige Jahrestagung der Deutsch-Koreanischen Juristischen Gesellschaft e.V. (DKJG e. V.) in Frankfurt am Main<\/p>\n\n\n\n<p>Am 18. Und 19. Oktober 2013 fand in Frankfurt am Main im Haus Gallus der Saalbau GmbH die diesj\u00e4hrige Jahrestagung der DKJG e. V. statt.<\/p>\n\n\n\n<p>Der Tagungsort ist sehr geschichtstr\u00e4chtig; denn in diesem Haus fand vor genau 50 Jahren der weit \u00fcber Deutschland hinaus beachtete Auschwitzprozess statt, in dem eine gro\u00dfe Anzahl von T\u00e4tern dieses NS-Konzentrationslagers zur Rechenschaft gezogen und f\u00fcr ihr unmenschliches Verhalten im Rahmen der Vernichtung der Juden im damaligen Nazideutschland verurteilt wurden.<\/p>\n\n\n\n<p>Darauf wurde auch im Rahmen der Tagung hingewiesen, was die \u00fcberwiegend jungen Teilnehmer der Tagung beeindruckt hat.<\/p>\n\n\n\n<p>Die Tagung begann auch in diesem Jahr wieder mit der Begr\u00fc\u00dfung durch seine Exzellenz den Herrn Generalkonsul der Republik Korea in Frankfurt am Main, Herrn Won-Jung Han, der schon im Vorjahr, als nach langer Pause der Aktivit\u00e4ten der Gesellschaft ein Neuanfang der Jahrestagungen in Frankfurt begonnen werden konnte, durch seine Anwesenheit die Gesellschaft geehrt hat.<\/p>\n\n\n\n<p>Der Herr Generalkonsul wies in seiner Rede auch auf die sich in diesem Jahr zum 130. Mal j\u00e4hrende Geburtsstunde des Deutsch-Koreanischen Freundschaftspakts von 1883 zwischen dem K\u00f6nigreich Korea und dem deutschen Kaiserreich und die sich daran anschlie\u00dfende, noch immer sich vertiefende Freundschaftsbeziehung zwischen beiden L\u00e4ndern hin.<\/p>\n\n\n\n<p>Auch in diesem Jahr hat der tatkr\u00e4ftige Einsatz aller Vorstandsmitglieder in Deutschland und Korea die gut besuchte Tagung wieder m\u00f6glich gemacht:<\/p>\n\n\n\n<p>Nach der Begr\u00fc\u00dfung durch den Herrn Generalkonsul und in seinem Beisein stiegen die Teilnehmer sogleich in die Arbeit ein:<\/p>\n\n\n\n<p>Herr RA Baek-Lim Whang, in Deutschland aufgewachsen und ausgebildet, jetzt als Anwalt bei Shin &amp; Kim in Seoul t\u00e4tig, referierte in Englisch \u00fcber \u201eTrade Secrets &amp; Compliance in Korea\u201c und wies mit vielen Beispielen aus seiner Praxis auf die Schwierigkeiten hin, die sich insbesondere ergeben, wenn Firmenmitglieder, die Geheimnistr\u00e4ger waren, in ein anderes Unternehmen wechseln, hinsichtlich der Nichtverwertung ihrer Kenntnisse aus der fr\u00fcheren T\u00e4tigkeit an ihrem neuen Arbeitsplatz.<\/p>\n\n\n\n<p>Es schloss sich eine Diskussion an, die \u00fcberwiegend in Englisch gef\u00fchrt und \u2013 wie auch die den weiteren Vortr\u00e4gen nachfolgenden Diskussionen \u2013 von dem Generalsekret\u00e4r der Gesellschaft f\u00fcr Korea, Herrn RA Moritz Winkler von der Anwaltsfirma Yulchon LLC in Seoul, geleitet wurde.<\/p>\n\n\n\n<p>Sodann ergriff, nach Diskussion und Kaffeepause, der Pr\u00e4sident der Gesellschaft, Herr Dr. Werner Blau von dem Frankfurter Anwaltsb\u00fcro Arnecke Siebold Rechtsanw\u00e4lte das Wort und referierte unter der \u00dcberschrift \u201eDie EU-Gruppenfreistellungsverordnung f\u00fcr Technologietransfer\u201c in deutscher Sprache \u00fcber einen Teilbereich seiner t\u00e4glichen Arbeit als Rechtsanwalt, was, weil aus sehr vielen jahrelangen Praxiserfahrungen gespeist, sehr spannend war und eine rege Diskussion ausl\u00f6ste.<\/p>\n\n\n\n<p>Der dritte Vortrag dieses Nachmittags wurde gleichfalls in deutscher Sprache, aber von einem koreanischen Professor, n\u00e4mlich Herrn Prof. Dr. Young-Whan Kim von der Hanyang University in Seoul, gehalten. Der vergleichsweise schlichte Titel \u201eDie Rezeption des deutschen Rechts durch das koreanische Recht\u201c ging nicht nur auf die Grundz\u00fcge der historischen Rechtsentwicklung in vergangenen Jahrhundert in Korea ein, wobei er auch den japanischen Anteil an dieser Entwicklung nicht ausschloss, er entpuppte sich aber durch seine philosophischen Teile als sehr anspruchsvoll und von h\u00f6chster Anregung, was eine ausf\u00fchrliche Diskussion der Anwesenden ausl\u00f6ste.<\/p>\n\n\n\n<p>Den Abend schloss ein von einer k\u00fcnstlerischen Einlage umrahmtes Abendessen der Teilnehmer in einem koreanischen Restaurant in Frankfurt Niederrad ab.<\/p>\n\n\n\n<p>Den k\u00fcnstlerischen Rahmen bot eine von der Ehefrau unseres Pr\u00e4sidenten eingeladene junge Geigerin Frau Selkis Riefling, die in beeindruckender Weise je ein St\u00fcck f\u00fcr Sologeige von Mozart und Jean Sibelius darbot.<\/p>\n\n\n\n<p>Der Samstag begann mit einem Vortrag \u00fcber \u201eIP Litigation in Germany\u201c des in M\u00fcnchen und Korea praktizierenden RA Alexander Son vom B\u00fcro Remmertz und Son, der in englischer Sprache nicht nur aus seiner Praxis \u00fcber die Besonderheiten von \u201enormalen\u201c Streitigkeiten im Bereich des geistigen Eigentums = Intellectual Property berichtete, sondern auch auf die Eigenheiten der auf diesem Rechtsgebiet besonders h\u00e4ufigen einstweiligen Verf\u00fcgungen zum Schutze des jeweiligen geistigen Eigentums hinwies und sehr detailliert die einzelnen in diesen Verfahren n\u00f6tigen Schritte aufzeigte.<\/p>\n\n\n\n<p>Auch hier folgte eine angeregte Diskussion, die nur durch den Hinweis auf die Kaffeepause gebremst werden konnte.<\/p>\n\n\n\n<p>Vor dem Mittagsessen fand dann noch eine sehr streitbar gef\u00fchrte Podiumsdiskussion statt, und zwar zu dem Thema \u201eDie Rolle deutscher und koreanischer Juristen im internationalen Rechtsverkehr\u201c, an der die Herren Prof. Dr. Young-Whang Kim von der Hanyang University in Seoul, der Pr\u00e4sident der Gesellschaft, Herr RA Dr. Werner Blau vom B\u00fcro Arnecke Siebold Rechtsanw\u00e4lte in Frankfurt, der Vizepr\u00e4sident der Gesellschaft, Herr Prof. Dr. Horst Hammen von der Universit\u00e4t Gie\u00dfen und der Ehrenpr\u00e4sident der Gesellschaft, Herr Notar a.D. und RA Wolfgang Heinrich aus Frankfurt sehr engagiert teilnahmen.<\/p>\n\n\n\n<p>Bei der Diskussion ging es vor allem darum, dass die englische Sprache und viele amerikanische Rechtsformen, obwohl sie kontinentaleurop\u00e4ischen L\u00f6sungen nicht ebenb\u00fcrtig sind, in Korea auf dem Vormarsch sind und die deutsche Sprache und das deutsche Rechtssystem in den letzten zehn, f\u00fcnfzehn Jahren zur\u00fcckgedr\u00e4ngt haben. Das habe auch zu einem dramatischen R\u00fcckgang vom koreanischen Doktoranden an Rechtsfakult\u00e4ten an deutschen Hochschulen gef\u00fchrt. Inzwischen wendeten sich allerdings viele Firmen von dem extrem umst\u00e4ndlichen und hoch kostspieligen amerikanischen System wieder ein wenig ab, so dass die Aktivit\u00e4ten der DKJG e.V. , die den Austausch zwischen koreanischen und deutschen Juristen und insbesondere die Unterst\u00fctzung koreanischer Doktoranden immer gef\u00f6rdert hat, verst\u00e4rkt werden m\u00fcssten, um diesen neuen Trend unterst\u00fctzend zu begleiten.<\/p>\n\n\n\n<p>Es wurde auch f\u00fcr notwendig erachtet, dass in den koreanischen Studienpl\u00e4nen \u2013 auch der Law-Schools, deren Besonderheiten ausf\u00fchrlich diskutiert wurden \u2013 die Rechtssysteme europ\u00e4ischen L\u00e4nder und die der europ\u00e4ischen Union st\u00e4rker ber\u00fccksichtigt werden m\u00fcssten.<\/p>\n\n\n\n<p>Ein besonderes Highlight zum Abschluss der Tagung war ein Bericht und Lichtbildervortrag unseres Vizepr\u00e4sidenten Prof. Dr. Horst Hammen von der Universit\u00e4t Gie\u00dfen \u00fcber seine Reise nach Nordkorea vor wenigen Wochen, in dem er eine Reihe von beeindruckenden Einzelheiten \u00fcber das dortige Leben berichten konnte sowie davon, dass ihm erste Schritte f\u00fcr einen wissenschaftlichen Austausch mit der dortigen Nationaluniversit\u00e4t gehen konnte und nun wartet, dass tats\u00e4chlich in naher Zukunft erste Wissenschaftler aus Nordkorea zum Austauschstudium nach Gie\u00dfen kommen.<\/p>\n\n\n\n<p>Die Tagung endete mit der Mitgliederversammlung, in der nicht nur die finanzielle Lage der DKJG e.V., sondern auch die n\u00e4chsten Schritte, die m\u00f6glichen Tagungsorte f\u00fcr das kommenden Jahr und die f\u00fcr die n\u00e4chste Jahrestagung vorgeschlagenen Themenschwerpunkte er\u00f6rtert wurden.<\/p>\n\n\n\n<p>Die ganz Unentwegten \u2013 etwa zw\u00f6lf Tagungsteilnehmer \u2013 lie\u00dfen sich von dem Pr\u00e4sidenten der DKJG e.V. verf\u00fchren, die Tagung im \u00e4ltesten Gasthaus der Stadt Frankfurt, in der \u201eZur Sonne\u201c in Frankfurt am Main-Bornheim, ausklingen zu lassen.<\/p>\n\n\n\n<p>Es war \u2013 nach dem \u201eNeuanfang\u201c vor etwa einem Jahr \u2013 eine weitere, durchaus gelungene Tagung, die auch in lukullischer Weise durch Eigenleistungen s\u00fc\u00dfer Art von Vorstand und Vorstandsgattinen (mehrere Torten und Kuchen sowie weitere S\u00fc\u00dfigkeiten) umrahmt wurde.<\/p>\n\n\n\n<p>Alle freuen sich auf die Tagung im kommenden Jahr.<\/p>\n\n\n\n<p>Frankfurt am Main, 26.10.2013<\/p>\n\n\n\n<p>Wolfgang Heinrich<\/p>\n\n\n\n<p>Notar a.D. und Rechtsanwalt<\/p>\n\n\n\n<p>Ehrenpr\u00e4sident der Gesellschaft <\/p>\n","protected":false},"excerpt":{"rendered":"<p>Bericht \u00fcber die diesj\u00e4hrige Jahrestagung der Deutsch-Koreanischen Juristischen Gesellschaft e.V. (DKJG e. V.) in Frankfurt am Main Am 18. Und 19. Oktober [&hellip;]<\/p>\n","protected":false},"author":2,"featured_media":0,"parent":0,"menu_order":0,"comment_status":"closed","ping_status":"closed","template":"","meta":{"ngg_post_thumbnail":0,"footnotes":""},"class_list":["post-26","page","type-page","status-publish","hentry"],"translation":{"provider":"WPGlobus","version":"3.0.0","language":"ko","enabled_languages":["de","en","ko"],"languages":{"de":{"title":true,"content":true,"excerpt":false},"en":{"title":false,"content":false,"excerpt":false},"ko":{"title":false,"content":false,"excerpt":false}}},"_links":{"self":[{"href":"https:\/\/dkjg.net\/ko\/wp-json\/wp\/v2\/pages\/26","targetHints":{"allow":["GET"]}}],"collection":[{"href":"https:\/\/dkjg.net\/ko\/wp-json\/wp\/v2\/pages"}],"about":[{"href":"https:\/\/dkjg.net\/ko\/wp-json\/wp\/v2\/types\/page"}],"author":[{"embeddable":true,"href":"https:\/\/dkjg.net\/ko\/wp-json\/wp\/v2\/users\/2"}],"replies":[{"embeddable":true,"href":"https:\/\/dkjg.net\/ko\/wp-json\/wp\/v2\/comments?post=26"}],"version-history":[{"count":2,"href":"https:\/\/dkjg.net\/ko\/wp-json\/wp\/v2\/pages\/26\/revisions"}],"predecessor-version":[{"id":49,"href":"https:\/\/dkjg.net\/ko\/wp-json\/wp\/v2\/pages\/26\/revisions\/49"}],"wp:attachment":[{"href":"https:\/\/dkjg.net\/ko\/wp-json\/wp\/v2\/media?parent=26"}],"curies":[{"name":"wp","href":"https:\/\/api.w.org\/{rel}","templated":true}]}}