{"id":28,"date":"2024-02-11T16:03:50","date_gmt":"2024-02-11T15:03:50","guid":{"rendered":"http:\/\/dkjg.net\/?page_id=28"},"modified":"2024-02-11T16:03:51","modified_gmt":"2024-02-11T15:03:51","slug":"tagung-2018","status":"publish","type":"page","link":"https:\/\/dkjg.net\/ko\/tagung-2018\/","title":{"rendered":"Tagung 2018"},"content":{"rendered":"\n<p>Die diesj\u00e4hrige Tagung sowie Mitgliederversammlung der Deutsch-Koreanischen Juristischen Gesellschaft hat&nbsp;am Samstag, dem 27. Oktober 2018,&nbsp;in den B\u00fcror\u00e4umen der EUKO Consulting GmbH&nbsp;Karl-Hermann-Flach-Stra\u00dfe 25, 61440 Oberursel (Taunus) stattgefunden.<\/p>\n\n\n\n<p><strong>Programm<\/strong><\/p>\n\n\n\n<p>\u2013&nbsp;<strong><u>10:30 Uhr<\/u><\/strong><strong>&nbsp;&nbsp;&nbsp;&nbsp; Tagungsbeginn \/&nbsp;<\/strong>Ankunft und Registrierung der Teilnehmer<\/p>\n\n\n\n<p>\u2013 11:00 Uhr &nbsp;&nbsp;&nbsp;&nbsp; Begr\u00fc\u00dfung und Vorstellung<\/p>\n\n\n\n<p>\u2013 11:15 Uhr &nbsp;&nbsp;&nbsp;&nbsp; Vortrag von RA Dr. Mathias Wittinghofer zu den neuen Regeln der DIS<\/p>\n\n\n\n<p>\u2013 12:00 Uhr &nbsp;&nbsp;&nbsp; &nbsp;Vortrag von Stephan Dittrich zum Thema&nbsp;\u201eLegal Tech\u201c<\/p>\n\n\n\n<p>\u2013 12:45 Uhr &nbsp;&nbsp;&nbsp; &nbsp;Mittagessen<\/p>\n\n\n\n<p>\u2013 14:00 Uhr &nbsp;&nbsp;&nbsp;&nbsp; Vortrag von RA Thomas Elster \u00fcber grenz\u00fcberschreitende&nbsp; Finanzdienstleistungen<\/p>\n\n\n\n<p>\u2013 14:45 Uhr&nbsp;&nbsp;&nbsp;&nbsp;&nbsp; Vortrag von Generalkonsul Bek \u00fcber \u201eInfrastruktur und Entwicklungsm\u00f6glichkeiten in Nordkorea\u201c<\/p>\n\n\n\n<p>\u2013 15:30 Uhr &nbsp;&nbsp;&nbsp;&nbsp; Kaffeepause<\/p>\n\n\n\n<p>\u2013 15:45 Uhr &nbsp;&nbsp;&nbsp;&nbsp; Vortrag von Prof. Dr. Hammen \u00fcber seine Reisen nach Nordkorea<\/p>\n\n\n\n<p>\u2013&nbsp;<strong><u>16:30 Uhr<\/u><\/strong>&nbsp;&nbsp;&nbsp;&nbsp; Diskussion und&nbsp;<strong>Mitgliederversammlung<\/strong><\/p>\n\n\n\n<p>\u2013 18:00 Uhr &nbsp;&nbsp;&nbsp; Abendessen (Ort wird bei der Tagung bekannt gegeben)<\/p>\n\n\n\n<figure class=\"wp-block-image\"><a href=\"http:\/\/dkjg.net\/tagung-2018\/dkjg-tagung-2018-1\"><img decoding=\"async\" src=\"http:\/\/dkjg.net\/wp-content\/uploads\/2018\/11\/DKJG-Tagung-2018-1-150x150.jpg\" alt=\"\"\/><\/a><\/figure>\n\n\n\n<figure class=\"wp-block-image\"><a href=\"http:\/\/dkjg.net\/tagung-2018\/dkjg-tagung-2018-13\"><img decoding=\"async\" src=\"http:\/\/dkjg.net\/wp-content\/uploads\/2018\/11\/DKJG-Tagung-2018-13-150x150.jpg\" alt=\"\"\/><\/a><\/figure>\n\n\n\n<figure class=\"wp-block-image\"><a href=\"http:\/\/dkjg.net\/tagung-2018\/dkjg-tagung-2018-14\"><img decoding=\"async\" src=\"http:\/\/dkjg.net\/wp-content\/uploads\/2018\/11\/DKJG-Tagung-2018-14-150x150.jpg\" alt=\"\"\/><\/a><\/figure>\n\n\n\n<figure class=\"wp-block-image\"><a href=\"http:\/\/dkjg.net\/tagung-2018\/dkjg-tagung-2018-16\"><img decoding=\"async\" src=\"http:\/\/dkjg.net\/wp-content\/uploads\/2018\/11\/DKJG-Tagung-2018-16-150x150.jpg\" alt=\"\"\/><\/a><\/figure>\n\n\n\n<figure class=\"wp-block-image\"><a href=\"http:\/\/dkjg.net\/tagung-2018\/dkjg-tagung-2018-2\"><img decoding=\"async\" src=\"http:\/\/dkjg.net\/wp-content\/uploads\/2018\/11\/DKJG-Tagung-2018-2-150x150.jpg\" alt=\"\"\/><\/a><\/figure>\n\n\n\n<figure class=\"wp-block-image\"><a href=\"http:\/\/dkjg.net\/tagung-2018\/dkjg-tagung-2018-15\"><img decoding=\"async\" src=\"http:\/\/dkjg.net\/wp-content\/uploads\/2018\/11\/DKJG-Tagung-2018-15-150x150.jpg\" alt=\"\"\/><\/a><\/figure>\n\n\n\n<figure class=\"wp-block-image\"><a href=\"http:\/\/dkjg.net\/tagung-2018\/dkjg-tagung-2018-11\"><img decoding=\"async\" src=\"http:\/\/dkjg.net\/wp-content\/uploads\/2018\/11\/DKJG-Tagung-2018-11-150x150.jpg\" alt=\"\"\/><\/a><\/figure>\n\n\n\n<figure class=\"wp-block-image\"><a href=\"http:\/\/dkjg.net\/tagung-2018\/dkjg-tagung-2018-8\"><img decoding=\"async\" src=\"http:\/\/dkjg.net\/wp-content\/uploads\/2018\/11\/DKJG-Tagung-2018-8-150x150.jpg\" alt=\"\"\/><\/a><\/figure>\n\n\n\n<figure class=\"wp-block-image\"><a href=\"http:\/\/dkjg.net\/tagung-2018\/dkjg-tagung-2018-12\"><img decoding=\"async\" src=\"http:\/\/dkjg.net\/wp-content\/uploads\/2018\/11\/DKJG-Tagung-2018-12-150x150.jpg\" alt=\"\"\/><\/a><\/figure>\n\n\n\n<figure class=\"wp-block-image\"><a href=\"http:\/\/dkjg.net\/tagung-2018\/dkjg-tagung-2018-7\"><img decoding=\"async\" src=\"http:\/\/dkjg.net\/wp-content\/uploads\/2018\/11\/DKJG-Tagung-2018-7-150x150.jpg\" alt=\"\"\/><\/a><\/figure>\n\n\n\n<figure class=\"wp-block-image\"><a href=\"http:\/\/dkjg.net\/tagung-2018\/dkjg-tagung-2018-6\"><img decoding=\"async\" src=\"http:\/\/dkjg.net\/wp-content\/uploads\/2018\/11\/DKJG-Tagung-2018-6-150x150.jpg\" alt=\"\"\/><\/a><\/figure>\n\n\n\n<figure class=\"wp-block-image\"><a href=\"http:\/\/dkjg.net\/tagung-2018\/dkjg-tagung-2018-5\"><img decoding=\"async\" src=\"http:\/\/dkjg.net\/wp-content\/uploads\/2018\/11\/DKJG-Tagung-2018-5-150x150.jpg\" alt=\"\"\/><\/a><\/figure>\n\n\n\n<figure class=\"wp-block-image\"><a href=\"http:\/\/dkjg.net\/tagung-2018\/dkjg-tagung-2018-9\"><img decoding=\"async\" src=\"http:\/\/dkjg.net\/wp-content\/uploads\/2018\/11\/DKJG-Tagung-2018-9-150x150.jpg\" alt=\"\"\/><\/a><\/figure>\n\n\n\n<figure class=\"wp-block-image\"><a href=\"http:\/\/dkjg.net\/tagung-2018\/dkjg-tagung-2018-10\"><img decoding=\"async\" src=\"http:\/\/dkjg.net\/wp-content\/uploads\/2018\/11\/DKJG-Tagung-2018-10-150x150.jpg\" alt=\"\"\/><\/a><\/figure>\n\n\n\n<figure class=\"wp-block-image\"><a href=\"http:\/\/dkjg.net\/tagung-2018\/dkjg-tagung-2018-4\"><img decoding=\"async\" src=\"http:\/\/dkjg.net\/wp-content\/uploads\/2018\/11\/DKJG-Tagung-2018-4-150x150.jpg\" alt=\"\"\/><\/a><\/figure>\n\n\n\n<figure class=\"wp-block-image\"><a href=\"http:\/\/dkjg.net\/tagung-2018\/dkjg-tagung-2018-3\"><img decoding=\"async\" src=\"http:\/\/dkjg.net\/wp-content\/uploads\/2018\/11\/DKJG-Tagung-2018-3-150x150.jpg\" alt=\"\"\/><\/a><\/figure>\n","protected":false},"excerpt":{"rendered":"<p>Die diesj\u00e4hrige Tagung sowie Mitgliederversammlung der Deutsch-Koreanischen Juristischen Gesellschaft hat&nbsp;am Samstag, dem 27. Oktober 2018,&nbsp;in den B\u00fcror\u00e4umen der EUKO Consulting GmbH&nbsp;Karl-Hermann-Flach-Stra\u00dfe 25, [&hellip;]<\/p>\n","protected":false},"author":2,"featured_media":0,"parent":0,"menu_order":0,"comment_status":"closed","ping_status":"closed","template":"","meta":{"ngg_post_thumbnail":0,"footnotes":""},"class_list":["post-28","page","type-page","status-publish","hentry"],"translation":{"provider":"WPGlobus","version":"3.0.0","language":"ko","enabled_languages":["de","en","ko"],"languages":{"de":{"title":true,"content":true,"excerpt":false},"en":{"title":false,"content":false,"excerpt":false},"ko":{"title":false,"content":false,"excerpt":false}}},"_links":{"self":[{"href":"https:\/\/dkjg.net\/ko\/wp-json\/wp\/v2\/pages\/28","targetHints":{"allow":["GET"]}}],"collection":[{"href":"https:\/\/dkjg.net\/ko\/wp-json\/wp\/v2\/pages"}],"about":[{"href":"https:\/\/dkjg.net\/ko\/wp-json\/wp\/v2\/types\/page"}],"author":[{"embeddable":true,"href":"https:\/\/dkjg.net\/ko\/wp-json\/wp\/v2\/users\/2"}],"replies":[{"embeddable":true,"href":"https:\/\/dkjg.net\/ko\/wp-json\/wp\/v2\/comments?post=28"}],"version-history":[{"count":1,"href":"https:\/\/dkjg.net\/ko\/wp-json\/wp\/v2\/pages\/28\/revisions"}],"predecessor-version":[{"id":29,"href":"https:\/\/dkjg.net\/ko\/wp-json\/wp\/v2\/pages\/28\/revisions\/29"}],"wp:attachment":[{"href":"https:\/\/dkjg.net\/ko\/wp-json\/wp\/v2\/media?parent=28"}],"curies":[{"name":"wp","href":"https:\/\/api.w.org\/{rel}","templated":true}]}}